{"id":2163,"date":"2025-07-19T07:31:55","date_gmt":"2025-07-19T05:31:55","guid":{"rendered":"https:\/\/teatrodelsottosuolo.it\/teatro-del-sottosuolo\/"},"modified":"2025-11-06T16:03:13","modified_gmt":"2025-11-06T15:03:13","slug":"teatro-del-sottosuolo","status":"publish","type":"page","link":"https:\/\/teatrodelsottosuolo.it\/es\/","title":{"rendered":"Teatro del Sottosuolo"},"content":{"rendered":"\t\t<div data-elementor-type=\"wp-page\" data-elementor-id=\"2163\" class=\"elementor elementor-2163 elementor-11\" data-elementor-post-type=\"page\">\n\t\t\t\t<div data-dce-background-overlay-color=\"#000000\" data-dce-background-image-url=\"https:\/\/teatrodelsottosuolo.it\/wp-content\/uploads\/2025\/07\/pat_01_Risorsa-1-50.jpg\" class=\"elementor-element elementor-element-c1c3431 e-flex e-con-boxed e-con e-parent\" data-id=\"c1c3431\" data-element_type=\"container\" data-e-type=\"container\" data-settings=\"{&quot;background_background&quot;:&quot;classic&quot;,&quot;background_motion_fx_motion_fx_scrolling&quot;:&quot;yes&quot;,&quot;background_motion_fx_translateY_effect&quot;:&quot;yes&quot;,&quot;background_motion_fx_translateY_speed&quot;:{&quot;unit&quot;:&quot;px&quot;,&quot;size&quot;:2,&quot;sizes&quot;:[]},&quot;background_motion_fx_translateY_affectedRange&quot;:{&quot;unit&quot;:&quot;%&quot;,&quot;size&quot;:&quot;&quot;,&quot;sizes&quot;:{&quot;start&quot;:0,&quot;end&quot;:100}},&quot;background_motion_fx_devices&quot;:[&quot;desktop&quot;,&quot;tablet&quot;,&quot;mobile&quot;]}\">\n\t\t\t\t\t<div class=\"e-con-inner\">\n\t\t<div class=\"elementor-element elementor-element-05f6d14 e-con-full e-flex e-con e-child\" data-id=\"05f6d14\" data-element_type=\"container\" data-e-type=\"container\" data-settings=\"{&quot;motion_fx_motion_fx_scrolling&quot;:&quot;yes&quot;,&quot;motion_fx_translateX_effect&quot;:&quot;yes&quot;,&quot;motion_fx_translateX_speed&quot;:{&quot;unit&quot;:&quot;px&quot;,&quot;size&quot;:4.0999999999999996447286321199499070644378662109375,&quot;sizes&quot;:[]},&quot;motion_fx_translateX_direction&quot;:&quot;negative&quot;,&quot;motion_fx_translateX_affectedRange&quot;:{&quot;unit&quot;:&quot;%&quot;,&quot;size&quot;:&quot;&quot;,&quot;sizes&quot;:{&quot;start&quot;:13,&quot;end&quot;:100}},&quot;motion_fx_devices&quot;:[&quot;desktop&quot;,&quot;tablet&quot;,&quot;mobile&quot;]}\">\n\t\t\t\t<div class=\"elementor-element elementor-element-553db02 elementor-absolute elementor-widget__width-initial dce_masking-none elementor-widget elementor-widget-image\" data-id=\"553db02\" data-element_type=\"widget\" data-e-type=\"widget\" data-settings=\"{&quot;_position&quot;:&quot;absolute&quot;}\" data-widget_type=\"image.default\">\n\t\t\t\t\t\t\t\t\t\t\t\t\t\t\t<img fetchpriority=\"high\" decoding=\"async\" width=\"565\" height=\"600\" src=\"https:\/\/teatrodelsottosuolo.it\/wp-content\/uploads\/2025\/08\/paidia-home-2.png\" class=\"attachment-full size-full wp-image-2118\" alt=\"\" srcset=\"https:\/\/teatrodelsottosuolo.it\/wp-content\/uploads\/2025\/08\/paidia-home-2.png 565w, https:\/\/teatrodelsottosuolo.it\/wp-content\/uploads\/2025\/08\/paidia-home-2-283x300.png 283w\" sizes=\"(max-width: 565px) 100vw, 565px\" \/>\t\t\t\t\t\t\t\t\t\t\t\t\t\t\t<\/div>\n\t\t\t\t<div class=\"elementor-element elementor-element-7f11900 elementor-absolute elementor-widget__width-initial dce_masking-none elementor-widget elementor-widget-image\" data-id=\"7f11900\" data-element_type=\"widget\" data-e-type=\"widget\" data-settings=\"{&quot;_position&quot;:&quot;absolute&quot;}\" data-widget_type=\"image.default\">\n\t\t\t\t\t\t\t\t\t\t\t\t\t\t\t<img decoding=\"async\" width=\"662\" height=\"500\" src=\"https:\/\/teatrodelsottosuolo.it\/wp-content\/uploads\/2025\/08\/oriana-home.png\" class=\"attachment-full size-full wp-image-2120\" alt=\"\" srcset=\"https:\/\/teatrodelsottosuolo.it\/wp-content\/uploads\/2025\/08\/oriana-home.png 662w, https:\/\/teatrodelsottosuolo.it\/wp-content\/uploads\/2025\/08\/oriana-home-300x227.png 300w\" sizes=\"(max-width: 662px) 100vw, 662px\" \/>\t\t\t\t\t\t\t\t\t\t\t\t\t\t\t<\/div>\n\t\t\t\t<\/div>\n\t\t<div data-dce-background-color=\"#0000009C\" class=\"elementor-element elementor-element-04c4d2c e-con-full e-flex e-con e-child\" data-id=\"04c4d2c\" data-element_type=\"container\" data-e-type=\"container\" data-settings=\"{&quot;background_background&quot;:&quot;classic&quot;}\">\n\t\t\t\t<div class=\"elementor-element elementor-element-0c0366f elementor-widget__width-initial elementor-widget elementor-widget-text-editor\" data-id=\"0c0366f\" data-element_type=\"widget\" data-e-type=\"widget\" data-widget_type=\"text-editor.default\">\n\t\t\t\t\t\t\t\t\t<p>Teatro del Sottosuolo es una productora teatral que desde su fundaci\u00f3n en 1995 se ha comprometido con la valorizaci\u00f3n del arte teatral a trav\u00e9s de una b\u00fasqueda continua de nuevas formas de expresi\u00f3n.<\/p><p>La l\u00ednea art\u00edstica parte de la decisi\u00f3n de desandar los caminos recorridos por los maestros del teatro de vanguardia y del teatro tradicional, contamin\u00e1ndolos con nuevos y m\u00e1s modernos estilos de teatro de calle, urbano y del nuevo Circo.<\/p>\t\t\t\t\t\t\t\t<\/div>\n\t\t\t\t<\/div>\n\t\t<div class=\"elementor-element elementor-element-34c4cf5 e-con-full e-flex e-con e-child\" data-id=\"34c4cf5\" data-element_type=\"container\" data-e-type=\"container\" data-settings=\"{&quot;background_background&quot;:&quot;classic&quot;}\">\n\t\t<div class=\"elementor-element elementor-element-69e191b e-con-full e-flex e-con e-child\" data-id=\"69e191b\" data-element_type=\"container\" data-e-type=\"container\">\n\t\t\t\t<div class=\"elementor-element elementor-element-e23e36f animated-fast dce_masking-none elementor-invisible elementor-widget elementor-widget-image\" data-id=\"e23e36f\" data-element_type=\"widget\" data-e-type=\"widget\" data-settings=\"{&quot;motion_fx_motion_fx_scrolling&quot;:&quot;yes&quot;,&quot;motion_fx_scale_effect&quot;:&quot;yes&quot;,&quot;motion_fx_scale_direction&quot;:&quot;in-out&quot;,&quot;motion_fx_scale_speed&quot;:{&quot;unit&quot;:&quot;px&quot;,&quot;size&quot;:5,&quot;sizes&quot;:[]},&quot;motion_fx_scale_range&quot;:{&quot;unit&quot;:&quot;%&quot;,&quot;size&quot;:&quot;&quot;,&quot;sizes&quot;:{&quot;start&quot;:0,&quot;end&quot;:84}},&quot;_animation&quot;:&quot;zoomIn&quot;,&quot;_animation_delay&quot;:700,&quot;motion_fx_devices&quot;:[&quot;desktop&quot;,&quot;tablet&quot;,&quot;mobile&quot;]}\" data-widget_type=\"image.default\">\n\t\t\t\t\t\t\t\t\t\t\t\t\t\t\t<img decoding=\"async\" width=\"441\" height=\"600\" src=\"https:\/\/teatrodelsottosuolo.it\/wp-content\/uploads\/2025\/07\/p2.png\" class=\"attachment-full size-full wp-image-1984\" alt=\"\" srcset=\"https:\/\/teatrodelsottosuolo.it\/wp-content\/uploads\/2025\/07\/p2.png 441w, https:\/\/teatrodelsottosuolo.it\/wp-content\/uploads\/2025\/07\/p2-221x300.png 221w\" sizes=\"(max-width: 441px) 100vw, 441px\" \/>\t\t\t\t\t\t\t\t\t\t\t\t\t\t\t<\/div>\n\t\t\t\t<\/div>\n\t\t\t\t<\/div>\n\t\t<div class=\"elementor-element elementor-element-93db325 e-con-full e-flex e-con e-child\" data-id=\"93db325\" data-element_type=\"container\" data-e-type=\"container\">\n\t\t<div class=\"elementor-element elementor-element-f275694 e-con-full e-flex e-con e-child\" data-id=\"f275694\" data-element_type=\"container\" data-e-type=\"container\">\n\t\t\t\t<div class=\"elementor-element elementor-element-49fd8c5 elementor-widget-tablet__width-initial elementor-widget-mobile__width-inherit elementor-widget elementor-widget-heading\" data-id=\"49fd8c5\" data-element_type=\"widget\" data-e-type=\"widget\" data-widget_type=\"heading.default\">\n\t\t\t\t\t<h2 class=\"elementor-heading-title elementor-size-default\">Pr\u00f3ximos eventos<\/h2>\t\t\t\t<\/div>\n\t\t\t\t<div class=\"elementor-element elementor-element-a243ee8 animated-fast dce_masking-none elementor-widget elementor-widget-image\" data-id=\"a243ee8\" data-element_type=\"widget\" data-e-type=\"widget\" data-settings=\"{&quot;motion_fx_motion_fx_scrolling&quot;:&quot;yes&quot;,&quot;motion_fx_translateX_effect&quot;:&quot;yes&quot;,&quot;motion_fx_translateX_affectedRange&quot;:{&quot;unit&quot;:&quot;%&quot;,&quot;size&quot;:&quot;&quot;,&quot;sizes&quot;:{&quot;start&quot;:0,&quot;end&quot;:80}},&quot;_animation&quot;:&quot;none&quot;,&quot;_animation_delay&quot;:900,&quot;motion_fx_translateX_speed&quot;:{&quot;unit&quot;:&quot;px&quot;,&quot;size&quot;:4,&quot;sizes&quot;:[]},&quot;motion_fx_devices&quot;:[&quot;desktop&quot;,&quot;tablet&quot;,&quot;mobile&quot;]}\" data-widget_type=\"image.default\">\n\t\t\t\t\t\t\t\t\t\t\t\t\t\t\t<img loading=\"lazy\" decoding=\"async\" width=\"385\" height=\"842\" src=\"https:\/\/teatrodelsottosuolo.it\/wp-content\/uploads\/2025\/07\/p3.png\" class=\"attachment-full size-full wp-image-1986\" alt=\"\" srcset=\"https:\/\/teatrodelsottosuolo.it\/wp-content\/uploads\/2025\/07\/p3.png 385w, https:\/\/teatrodelsottosuolo.it\/wp-content\/uploads\/2025\/07\/p3-137x300.png 137w\" sizes=\"(max-width: 385px) 100vw, 385px\" \/>\t\t\t\t\t\t\t\t\t\t\t\t\t\t\t<\/div>\n\t\t\t\t<\/div>\n\t\t<div data-dce-background-color=\"#0000009C\" class=\"elementor-element elementor-element-cf76682 e-con-full e-flex e-con e-child\" data-id=\"cf76682\" data-element_type=\"container\" data-e-type=\"container\" data-settings=\"{&quot;background_background&quot;:&quot;classic&quot;}\">\n\t\t\t\t<div class=\"elementor-element elementor-element-ceffb40 dce-posts-layout-template dce-col-1 elementor-widget__width-initial dce-col-tablet-1 elementor-widget-mobile__width-inherit dce-col-mobile-1 elementor-invisible elementor-widget elementor-widget-dce-dynamicposts-v2\" data-id=\"ceffb40\" data-element_type=\"widget\" data-e-type=\"widget\" data-settings=\"{&quot;style_items&quot;:&quot;template&quot;,&quot;_animation&quot;:&quot;fadeInUp&quot;,&quot;grid_grid_type&quot;:&quot;flex&quot;}\" data-widget_type=\"dce-dynamicposts-v2.grid\">\n\t\t\t\t<div class=\"elementor-widget-container\">\n\t\t\t\t\t\t\t<div class=\"dce-posts-container dce-posts \">\n\t\t\t<div class=\"dce-posts-fallback\">\n\t\t\t\t<p><p>Calendario en actualizaci\u00f3n.<\/p><\/p>\t\t\t<\/div>\n\t\t<\/div>\n\t\t\t\t\t\t<\/div>\n\t\t\t\t<\/div>\n\t\t\t\t<div data-dce-background-color=\"#FFBE00\" class=\"elementor-element elementor-element-1051fe7 elementor-align-center elementor-widget elementor-widget-button\" data-id=\"1051fe7\" data-element_type=\"widget\" data-e-type=\"widget\" data-widget_type=\"button.default\">\n\t\t\t\t\t\t\t\t\t\t<a class=\"elementor-button elementor-button-link elementor-size-sm\" href=\"https:\/\/teatrodelsottosuolo.it\/es\/proximos-eventos\/\">\n\t\t\t\t\t\t<span class=\"elementor-button-content-wrapper\">\n\t\t\t\t\t\t\t\t\t<span class=\"elementor-button-text\">Todas las citas<\/span>\n\t\t\t\t\t<\/span>\n\t\t\t\t\t<\/a>\n\t\t\t\t\t\t\t\t<\/div>\n\t\t\t\t<\/div>\n\t\t\t\t<\/div>\n\t\t<div data-dce-background-color=\"#0000009C\" class=\"elementor-element elementor-element-ad35edd e-con-full e-flex e-con e-child\" data-id=\"ad35edd\" data-element_type=\"container\" data-e-type=\"container\" data-settings=\"{&quot;background_background&quot;:&quot;classic&quot;}\">\n\t\t\t\t<div class=\"elementor-element elementor-element-24af46e elementor-widget__width-initial elementor-widget elementor-widget-text-editor\" data-id=\"24af46e\" data-element_type=\"widget\" data-e-type=\"widget\" data-widget_type=\"text-editor.default\">\n\t\t\t\t\t\t\t\t\t<p>Con el patrocinio de:<br>Regione Autonoma de Sardigna, assesoradu de s&#8217;istruzione publica, benes culturales, informatzione, ispectaculu e isport<br>Regione Autonoma de Sardegna, assesoradu de s&#8217;istruzione publica, benes culturales, informatzione, ispectaculu e isport<br>MiC Ministero della Cultura (Direzione Generale Spettacolo dal vivo)<\/p>\t\t\t\t\t\t\t\t<\/div>\n\t\t<div class=\"elementor-element elementor-element-62c9b88 e-con-full e-flex e-con e-child\" data-id=\"62c9b88\" data-element_type=\"container\" data-e-type=\"container\">\n\t\t\t\t<div class=\"elementor-element elementor-element-3e893f3 elementor-widget__width-initial dce_masking-none elementor-widget elementor-widget-image\" data-id=\"3e893f3\" data-element_type=\"widget\" data-e-type=\"widget\" data-widget_type=\"image.default\">\n\t\t\t\t\t\t\t\t\t\t\t\t\t\t\t<img loading=\"lazy\" decoding=\"async\" width=\"562\" height=\"169\" src=\"https:\/\/teatrodelsottosuolo.it\/wp-content\/uploads\/2025\/07\/ras.png\" class=\"attachment-full size-full wp-image-1994\" alt=\"\" srcset=\"https:\/\/teatrodelsottosuolo.it\/wp-content\/uploads\/2025\/07\/ras.png 562w, https:\/\/teatrodelsottosuolo.it\/wp-content\/uploads\/2025\/07\/ras-300x90.png 300w\" sizes=\"(max-width: 562px) 100vw, 562px\" \/>\t\t\t\t\t\t\t\t\t\t\t\t\t\t\t<\/div>\n\t\t\t\t<div class=\"elementor-element elementor-element-25d3320 elementor-widget__width-initial dce_masking-none elementor-widget elementor-widget-image\" data-id=\"25d3320\" data-element_type=\"widget\" data-e-type=\"widget\" data-widget_type=\"image.default\">\n\t\t\t\t\t\t\t\t\t\t\t\t\t\t\t<img loading=\"lazy\" decoding=\"async\" width=\"438\" height=\"142\" src=\"https:\/\/teatrodelsottosuolo.it\/wp-content\/uploads\/2025\/07\/MiC-Ministero_della_Cultura.png\" class=\"attachment-full size-full wp-image-1992\" alt=\"\" srcset=\"https:\/\/teatrodelsottosuolo.it\/wp-content\/uploads\/2025\/07\/MiC-Ministero_della_Cultura.png 438w, https:\/\/teatrodelsottosuolo.it\/wp-content\/uploads\/2025\/07\/MiC-Ministero_della_Cultura-300x97.png 300w\" sizes=\"(max-width: 438px) 100vw, 438px\" \/>\t\t\t\t\t\t\t\t\t\t\t\t\t\t\t<\/div>\n\t\t\t\t<\/div>\n\t\t\t\t<\/div>\n\t\t\t\t\t<\/div>\n\t\t\t\t<\/div>\n\t\t\t\t<\/div>\n\t\t","protected":false},"excerpt":{"rendered":"<p>Teatro del Sottosuolo es una productora teatral que desde su fundaci\u00f3n en 1995 se ha comprometido con la valorizaci\u00f3n del arte teatral a trav\u00e9s de una b\u00fasqueda continua de nuevas formas de expresi\u00f3n. La l\u00ednea art\u00edstica parte de la decisi\u00f3n de desandar los caminos recorridos por los maestros del teatro de vanguardia y del teatro [&hellip;]<\/p>\n","protected":false},"author":1,"featured_media":0,"parent":0,"menu_order":0,"comment_status":"closed","ping_status":"closed","template":"","meta":{"_acf_changed":false,"footnotes":""},"class_list":["post-2163","page","type-page","status-publish","hentry"],"acf":[],"_links":{"self":[{"href":"https:\/\/teatrodelsottosuolo.it\/es\/wp-json\/wp\/v2\/pages\/2163","targetHints":{"allow":["GET"]}}],"collection":[{"href":"https:\/\/teatrodelsottosuolo.it\/es\/wp-json\/wp\/v2\/pages"}],"about":[{"href":"https:\/\/teatrodelsottosuolo.it\/es\/wp-json\/wp\/v2\/types\/page"}],"author":[{"embeddable":true,"href":"https:\/\/teatrodelsottosuolo.it\/es\/wp-json\/wp\/v2\/users\/1"}],"replies":[{"embeddable":true,"href":"https:\/\/teatrodelsottosuolo.it\/es\/wp-json\/wp\/v2\/comments?post=2163"}],"version-history":[{"count":5,"href":"https:\/\/teatrodelsottosuolo.it\/es\/wp-json\/wp\/v2\/pages\/2163\/revisions"}],"predecessor-version":[{"id":2632,"href":"https:\/\/teatrodelsottosuolo.it\/es\/wp-json\/wp\/v2\/pages\/2163\/revisions\/2632"}],"wp:attachment":[{"href":"https:\/\/teatrodelsottosuolo.it\/es\/wp-json\/wp\/v2\/media?parent=2163"}],"curies":[{"name":"wp","href":"https:\/\/api.w.org\/{rel}","templated":true}]}}