{"id":2187,"date":"2025-07-24T08:59:58","date_gmt":"2025-07-24T06:59:58","guid":{"rendered":"https:\/\/teatrodelsottosuolo.it\/transparencia\/"},"modified":"2026-03-27T09:43:56","modified_gmt":"2026-03-27T08:43:56","slug":"transparencia","status":"publish","type":"page","link":"https:\/\/teatrodelsottosuolo.it\/es\/transparencia\/","title":{"rendered":"Transparencia"},"content":{"rendered":"\t\t<div data-elementor-type=\"wp-page\" data-elementor-id=\"2187\" class=\"elementor elementor-2187 elementor-726\" data-elementor-post-type=\"page\">\n\t\t\t\t<div data-dce-background-overlay-color=\"#000000\" data-dce-background-image-url=\"https:\/\/teatrodelsottosuolo.it\/wp-content\/uploads\/2025\/07\/pat_01_Risorsa-1-50.jpg\" class=\"elementor-element elementor-element-4317a73a e-flex e-con-boxed e-con e-parent\" data-id=\"4317a73a\" data-element_type=\"container\" data-e-type=\"container\" data-settings=\"{&quot;background_background&quot;:&quot;classic&quot;,&quot;background_motion_fx_motion_fx_scrolling&quot;:&quot;yes&quot;,&quot;background_motion_fx_translateY_effect&quot;:&quot;yes&quot;,&quot;background_motion_fx_translateY_speed&quot;:{&quot;unit&quot;:&quot;px&quot;,&quot;size&quot;:2,&quot;sizes&quot;:[]},&quot;background_motion_fx_translateY_affectedRange&quot;:{&quot;unit&quot;:&quot;%&quot;,&quot;size&quot;:&quot;&quot;,&quot;sizes&quot;:{&quot;start&quot;:0,&quot;end&quot;:100}},&quot;background_motion_fx_devices&quot;:[&quot;desktop&quot;,&quot;tablet&quot;,&quot;mobile&quot;]}\">\n\t\t\t\t\t<div class=\"e-con-inner\">\n\t\t<div class=\"elementor-element elementor-element-3bdfb306 e-con-full e-flex e-con e-child\" data-id=\"3bdfb306\" data-element_type=\"container\" data-e-type=\"container\">\n\t\t\t\t<div class=\"elementor-element elementor-element-a708f25 elementor-widget elementor-widget-heading\" data-id=\"a708f25\" data-element_type=\"widget\" data-e-type=\"widget\" data-widget_type=\"heading.default\">\n\t\t\t\t\t<h2 class=\"elementor-heading-title elementor-size-default\">TRANSPARENCIA<\/h2>\t\t\t\t<\/div>\n\t\t\t\t<div class=\"elementor-element elementor-element-a3410a4 elementor-widget elementor-widget-text-editor\" data-id=\"a3410a4\" data-element_type=\"widget\" data-e-type=\"widget\" data-widget_type=\"text-editor.default\">\n\t\t\t\t\t\t\t\t\tLey de Transparencia 7 de octubre de 2013 n\u00fam. 112\t\t\t\t\t\t\t\t<\/div>\n\t\t\t\t<\/div>\n\t\t<div data-dce-background-color=\"#0000009C\" class=\"elementor-element elementor-element-6ecbaeb4 e-con-full e-flex e-con e-child\" data-id=\"6ecbaeb4\" data-element_type=\"container\" data-e-type=\"container\" data-settings=\"{&quot;background_background&quot;:&quot;classic&quot;}\">\n\t\t\t\t<div class=\"elementor-element elementor-element-75a71644 elementor-widget elementor-widget-text-editor\" data-id=\"75a71644\" data-element_type=\"widget\" data-e-type=\"widget\" data-widget_type=\"text-editor.default\">\n\t\t\t\t\t\t\t\t\tDe conformidad con los apartados 2 y 3 del art\u00edculo 9 del Decreto Legislativo n.\u00ba 91, de 8 de agosto de 2013, convertido en la Ley n.\u00ba 112, de 7 de octubre de 2013, en lo que respecta a la informaci\u00f3n sobre los titulares de altos cargos administrativos y directivos\t\t\t\t\t\t\t\t<\/div>\n\t\t\t\t<div class=\"elementor-element elementor-element-07eefc0 elementor-widget elementor-widget-heading\" data-id=\"07eefc0\" data-element_type=\"widget\" data-e-type=\"widget\" data-widget_type=\"heading.default\">\n\t\t\t\t\t<h3 class=\"elementor-heading-title elementor-size-default\">Consejo de Gobierno<\/h3>\t\t\t\t<\/div>\n\t\t\t\t<div class=\"elementor-element elementor-element-b02796a elementor-widget elementor-widget-text-editor\" data-id=\"b02796a\" data-element_type=\"widget\" data-e-type=\"widget\" data-widget_type=\"text-editor.default\">\n\t\t\t\t\t\t\t\t\t<p>Presidente: VINCENZO DE ROSA<br>Nombrado en la Asamblea General de Socios del 3 de marzo de 2026. Orden del d\u00eda: Renuncia del Presidente, Renovaci\u00f3n de la Junta Directiva.<br>Su mandato, seg\u00fan los Estatutos, es de 4 a\u00f1os. No recibe remuneraci\u00f3n alguna por su cargo.  <\/p><p> <\/p><p>Vicepresidenta: CHIARA GIULIANI<br>Nombrada en la Asamblea General de Socios del 3 de marzo de 2026. Orden del d\u00eda: Renuncia del Presidente, Renovaci\u00f3n de la Junta Directiva.<br>Su mandato, seg\u00fan los Estatutos, es de 4 a\u00f1os. No recibe remuneraci\u00f3n alguna por su cargo.  <\/p><p> <\/p><p>Secretario: ADO SANNA<br>Nombrado en la Asamblea General del 3 de marzo de 2026. Orden del d\u00eda: Renuncia del Presidente, Renovaci\u00f3n de la Junta Directiva.<br>Su mandato, seg\u00fan los estatutos, es de 4 a\u00f1os. No recibe remuneraci\u00f3n alguna por su cargo.  <\/p><p> <\/p><p>Director de Organizaci\u00f3n y Administraci\u00f3n: VINCENZO DE ROSA<br>Contrato indefinido de 17 de febrero de 2014 &#8211; Remuneraci\u00f3n bruta para 2025: 42.750,93 \u20ac<\/p><p>Remuneraci\u00f3n bruta del contable de STUDIO LUXORO en el a\u00f1o 2025: 3.489,20 \u20ac<\/p><p>Consultora de empleo ROBERTA MANUNZA, remuneraci\u00f3n bruta anual 2025: 3.425,76 \u20ac<\/p>\t\t\t\t\t\t\t\t<\/div>\n\t\t\t\t<div class=\"elementor-element elementor-element-4cd8f17 elementor-widget elementor-widget-heading\" data-id=\"4cd8f17\" data-element_type=\"widget\" data-e-type=\"widget\" data-widget_type=\"heading.default\">\n\t\t\t\t\t<h3 class=\"elementor-heading-title elementor-size-default\">CONTRIBUCIONES<\/h3>\t\t\t\t<\/div>\n\t\t\t\t<div class=\"elementor-element elementor-element-adb40b8 elementor-widget elementor-widget-heading\" data-id=\"adb40b8\" data-element_type=\"widget\" data-e-type=\"widget\" data-widget_type=\"heading.default\">\n\t\t\t\t\t<h3 class=\"elementor-heading-title elementor-size-default\">2025<\/h3>\t\t\t\t<\/div>\n\t\t\t\t<div class=\"elementor-element elementor-element-01c8cbd elementor-widget elementor-widget-text-editor\" data-id=\"01c8cbd\" data-element_type=\"widget\" data-e-type=\"widget\" data-widget_type=\"text-editor.default\">\n\t\t\t\t\t\t\t\t\t<p>MINISTERIO DE CULTURA FNSV, CONTRIBUCI\u00d3N ART\u00cdCULO 13, P\u00c1RRAFO 6, Saldo para 2024: 5.456,44 \u20ac<br>MINISTERIO DE CULTURA FNSV, CONTRIBUCI\u00d3N ART\u00cdCULO 13, P\u00c1RRAFO 7, Anticipo para 2025: 12.212,41 \u20ac<br>MINISTERIO DE CULTURA FNSV, CONTRIBUCI\u00d3N ART\u00cdCULO 13, P\u00c1RRAFO 7, Anticipo para 2025: 1.700,54 \u20ac<\/p><p>CONTRIBUCI\u00d3N REGI\u00d3N CERDE\u00d1A L.R.1\/90 art.56 Saldo 2024: 21.446,60 \u20ac<br>Contribuci\u00f3n regional de Cerde\u00f1a (Ley Regional 1\/90, art. 56): Anticipo 2025: 79.030,94 \u20ac<br>Contribuci\u00f3n regional de Cerde\u00f1a (Ley Regional 1\/90, art. 56): Anticipo 2025: 18.808,26 \u20ac  <\/p>\t\t\t\t\t\t\t\t<\/div>\n\t\t\t\t<div class=\"elementor-element elementor-element-af4c058 elementor-widget elementor-widget-heading\" data-id=\"af4c058\" data-element_type=\"widget\" data-e-type=\"widget\" data-widget_type=\"heading.default\">\n\t\t\t\t\t<h3 class=\"elementor-heading-title elementor-size-default\">2024<\/h3>\t\t\t\t<\/div>\n\t\t\t\t<div class=\"elementor-element elementor-element-4705205 elementor-widget elementor-widget-text-editor\" data-id=\"4705205\" data-element_type=\"widget\" data-e-type=\"widget\" data-widget_type=\"text-editor.default\">\n\t\t\t\t\t\t\t\t\t<p>CONTRIBUCI\u00d3N MINISTERIO DE CULTURA ART\u00cdCULO 13 APARTADO 6, Saldo a\u00f1o 2023 \u20ac 9.956,72<br>CONTRIBUCI\u00d3N MINISTERIO DE CULTURA ART\u00cdCULO 13 APARTADO 6, Anticipo 2024 \u20ac 13.117,12<br>CONTRIBUCI\u00d3N MINISTERIO DE CULTURA ART\u00cdCULO 13 APARTADO 6, Suplemento 2024 \u20ac 1.430,16<\/p><p>CONTRIBUCI\u00d3N REGI\u00d3N CERDE\u00d1A L.R.1\/90 art.56 Saldo 2022 \u20ac 17.509,40<br>CONTRIBUCI\u00d3N REGIONAL DE CERDE\u00d1A L.R.1\/90 art.56 Saldo 2023 \u20ac 50.792,00<br>CONTRIBUCI\u00d3N REGI\u00d3N SARDEGNA L.R.1\/90 art.56 Anticipo 2024 \u20ac 85.786,40   <\/p><p>Convocatoria de propuestas Cagliari dal vivo Advance 2024 \u20ac 16.121,96<\/p>\t\t\t\t\t\t\t\t<\/div>\n\t\t\t\t<div class=\"elementor-element elementor-element-f4efab1 elementor-widget elementor-widget-heading\" data-id=\"f4efab1\" data-element_type=\"widget\" data-e-type=\"widget\" data-widget_type=\"heading.default\">\n\t\t\t\t\t<h3 class=\"elementor-heading-title elementor-size-default\">2023<\/h3>\t\t\t\t<\/div>\n\t\t\t\t<div class=\"elementor-element elementor-element-b53dc63 elementor-widget elementor-widget-text-editor\" data-id=\"b53dc63\" data-element_type=\"widget\" data-e-type=\"widget\" data-widget_type=\"text-editor.default\">\n\t\t\t\t\t\t\t\t\t<p>MINISTERIO DE CULTURA CONTRIBUCI\u00d3N ART\u00cdCULO 13, APARTADO 6, anticipo a\u00f1o 2023 \u20ac 14.478,77<br>MINISTERIO DE CULTURA CONTRIBUCI\u00d3N ART\u00cdCULO 13, APARTADO 6, saldo a\u00f1o 2022 \u20ac 8.212,43<br>REGI\u00d3N DE CERDE\u00d1A CONTRIBUCI\u00d3N L.R.1\/90 art.56, anticipo a\u00f1o 2023 \u20ac 50.794,00<br>Cagliari dal vivo convocatoria de propuestas programa n\u00famero 14 de 6 de junio de 2022 \u20ac 14.400,00<\/p>\t\t\t\t\t\t\t\t<\/div>\n\t\t\t\t<div class=\"elementor-element elementor-element-a9bf477 elementor-widget elementor-widget-heading\" data-id=\"a9bf477\" data-element_type=\"widget\" data-e-type=\"widget\" data-widget_type=\"heading.default\">\n\t\t\t\t\t<h3 class=\"elementor-heading-title elementor-size-default\">2022<\/h3>\t\t\t\t<\/div>\n\t\t\t\t<div class=\"elementor-element elementor-element-6fa0083 elementor-widget elementor-widget-text-editor\" data-id=\"6fa0083\" data-element_type=\"widget\" data-e-type=\"widget\" data-widget_type=\"text-editor.default\">\n\t\t\t\t\t\t\t\t\t<p>MINISTERIO DE CULTURA CONTRIBUCI\u00d3N ART\u00cdCULO 13 APARTADO 6, anticipo a\u00f1o 2022 \u20ac 11.999,58<br>MINISTERIO DE CULTURA CONTRIBUCI\u00d3N ART\u00cdCULO 13 APARTADO 6, saldo a\u00f1o 2021 \u20ac 6.280,08<br>REGI\u00d3N DE CERDE\u00d1A CONTRIBUCI\u00d3N L.R.1\/90 art.56 anticipo a\u00f1o 2022 \u20ac 70.037,60<br>REGI\u00d3N DE CERDE\u00d1A CONTRIBUCI\u00d3N L.R.1\/90 art.56 Saldo 2021 \u20ac 12.012,49<br>CONTRIBUCI\u00d3N REGI\u00d3N SARDEGNA L.R.1\/90 art.56 Saldo 2021 \u20ac 13.675,40<br>Call Cagliari dal vivo programa n\u00famero 14 de 6 de junio de 2022 \u20ac 27.721,10  <\/p>\t\t\t\t\t\t\t\t<\/div>\n\t\t\t\t<div class=\"elementor-element elementor-element-2f011f5 elementor-widget elementor-widget-heading\" data-id=\"2f011f5\" data-element_type=\"widget\" data-e-type=\"widget\" data-widget_type=\"heading.default\">\n\t\t\t\t\t<h3 class=\"elementor-heading-title elementor-size-default\">2021<\/h3>\t\t\t\t<\/div>\n\t\t\t\t<div class=\"elementor-element elementor-element-3cfbcaa elementor-widget elementor-widget-text-editor\" data-id=\"3cfbcaa\" data-element_type=\"widget\" data-e-type=\"widget\" data-widget_type=\"text-editor.default\">\n\t\t\t\t\t\t\t\t\t<p>MINISTERIO DE CULTURA CONTRIBUCI\u00d3N ART\u00cdCULO 13 APARTADO 6 \u20ac 17.114,13<br>REGI\u00d3N DE CERDE\u00d1A CONTRIBUCI\u00d3N L.R.1\/90 art.56 \u20ac 80.389,49<\/p>\t\t\t\t\t\t\t\t<\/div>\n\t\t\t\t<div class=\"elementor-element elementor-element-6c641df elementor-widget elementor-widget-heading\" data-id=\"6c641df\" data-element_type=\"widget\" data-e-type=\"widget\" data-widget_type=\"heading.default\">\n\t\t\t\t\t<h3 class=\"elementor-heading-title elementor-size-default\">2020<\/h3>\t\t\t\t<\/div>\n\t\t\t\t<div class=\"elementor-element elementor-element-d3b1cfd elementor-widget elementor-widget-text-editor\" data-id=\"d3b1cfd\" data-element_type=\"widget\" data-e-type=\"widget\" data-widget_type=\"text-editor.default\">\n\t\t\t\t\t\t\t\t\t<p>CONTRIBUCI\u00d3N DEL MINISTERIO DE CULTURA ART\u00cdCULO 13 APARTADO 6 \u20ac 17.492,14<br>CONTRIBUCI\u00d3N REGIONAL DE CERDE\u00d1A L.R.1\/90 art.56: ATS contribuci\u00f3n teatros unidos sur Cerde\u00f1a \u20ac 183.453,70 &#8211; cuota debida \u20ac 75.211,08<\/p>\t\t\t\t\t\t\t\t<\/div>\n\t\t\t\t<div class=\"elementor-element elementor-element-272b7e5 elementor-widget elementor-widget-heading\" data-id=\"272b7e5\" data-element_type=\"widget\" data-e-type=\"widget\" data-widget_type=\"heading.default\">\n\t\t\t\t\t<h3 class=\"elementor-heading-title elementor-size-default\">2019<\/h3>\t\t\t\t<\/div>\n\t\t\t\t<div class=\"elementor-element elementor-element-420668d elementor-widget elementor-widget-text-editor\" data-id=\"420668d\" data-element_type=\"widget\" data-e-type=\"widget\" data-widget_type=\"text-editor.default\">\n\t\t\t\t\t\t\t\t\t<p>MINISTERIO DE CULTURA CONTRIBUCI\u00d3N ART\u00cdCULO 13 APARTADO 6 \u20ac 16.262,00<br>ATS TEATRIUNITI SUD SARDEGNA CONTRIBUCI\u00d3N \u20ac 197.815,00 &#8211; cuota vencida \u20ac 82.932,00<\/p>\t\t\t\t\t\t\t\t<\/div>\n\t\t\t\t<\/div>\n\t\t<div class=\"elementor-element elementor-element-78605e8a e-con-full e-flex e-con e-child\" data-id=\"78605e8a\" data-element_type=\"container\" data-e-type=\"container\">\n\t\t\t\t<div class=\"elementor-element elementor-element-46eaed62 elementor-widget elementor-widget-heading\" data-id=\"46eaed62\" data-element_type=\"widget\" data-e-type=\"widget\" data-widget_type=\"heading.default\">\n\t\t\t\t\t<h3 class=\"elementor-heading-title elementor-size-default\">Documentos<\/h3>\t\t\t\t<\/div>\n\t\t<div data-dce-background-color=\"#0000009C\" class=\"elementor-element elementor-element-36905300 e-con-full e-flex e-con e-child\" data-id=\"36905300\" data-element_type=\"container\" data-e-type=\"container\" data-settings=\"{&quot;background_background&quot;:&quot;classic&quot;}\">\n\t\t\t\t<div class=\"elementor-element elementor-element-0152983 elementor-align-start elementor-icon-list--layout-traditional elementor-list-item-link-full_width elementor-widget elementor-widget-icon-list\" data-id=\"0152983\" data-element_type=\"widget\" data-e-type=\"widget\" data-widget_type=\"icon-list.default\">\n\t\t\t\t\t\t\t<ul class=\"elementor-icon-list-items\">\n\t\t\t\t\t\t\t<li class=\"elementor-icon-list-item\">\n\t\t\t\t\t\t\t\t\t\t\t<a href=\"https:\/\/teatrodelsottosuolo.it\/wp-content\/uploads\/2025\/07\/atto-costitutivo-statuto-aggiornato-TDS.pdf\" target=\"_blank\">\n\n\t\t\t\t\t\t\t\t\t\t\t\t<span class=\"elementor-icon-list-icon\">\n\t\t\t\t\t\t\t<svg aria-hidden=\"true\" class=\"e-font-icon-svg e-far-file-pdf\" viewBox=\"0 0 384 512\" xmlns=\"http:\/\/www.w3.org\/2000\/svg\"><path d=\"M369.9 97.9L286 14C277 5 264.8-.1 252.1-.1H48C21.5 0 0 21.5 0 48v416c0 26.5 21.5 48 48 48h288c26.5 0 48-21.5 48-48V131.9c0-12.7-5.1-25-14.1-34zM332.1 128H256V51.9l76.1 76.1zM48 464V48h160v104c0 13.3 10.7 24 24 24h104v288H48zm250.2-143.7c-12.2-12-47-8.7-64.4-6.5-17.2-10.5-28.7-25-36.8-46.3 3.9-16.1 10.1-40.6 5.4-56-4.2-26.2-37.8-23.6-42.6-5.9-4.4 16.1-.4 38.5 7 67.1-10 23.9-24.9 56-35.4 74.4-20 10.3-47 26.2-51 46.2-3.3 15.8 26 55.2 76.1-31.2 22.4-7.4 46.8-16.5 68.4-20.1 18.9 10.2 41 17 55.8 17 25.5 0 28-28.2 17.5-38.7zm-198.1 77.8c5.1-13.7 24.5-29.5 30.4-35-19 30.3-30.4 35.7-30.4 35zm81.6-190.6c7.4 0 6.7 32.1 1.8 40.8-4.4-13.9-4.3-40.8-1.8-40.8zm-24.4 136.6c9.7-16.9 18-37 24.7-54.7 8.3 15.1 18.9 27.2 30.1 35.5-20.8 4.3-38.9 13.1-54.8 19.2zm131.6-5s-5 6-37.3-7.8c35.1-2.6 40.9 5.4 37.3 7.8z\"><\/path><\/svg>\t\t\t\t\t\t<\/span>\n\t\t\t\t\t\t\t\t\t\t<span class=\"elementor-icon-list-text\">Escritura de constituci\u00f3n Estatutos<\/span>\n\t\t\t\t\t\t\t\t\t\t\t<\/a>\n\t\t\t\t\t\t\t\t\t<\/li>\n\t\t\t\t\t\t\t\t<li class=\"elementor-icon-list-item\">\n\t\t\t\t\t\t\t\t\t\t\t<a href=\"https:\/\/teatrodelsottosuolo.it\/wp-content\/uploads\/2025\/07\/CURRICULUM-DIRETTORI-ARTISTICI-CHIARA-GIULIANI-VINCENZO-DE-ROSA-AMELIA-LONGOBARDI.pdf\" target=\"_blank\">\n\n\t\t\t\t\t\t\t\t\t\t\t\t<span class=\"elementor-icon-list-icon\">\n\t\t\t\t\t\t\t<svg aria-hidden=\"true\" class=\"e-font-icon-svg e-far-file-pdf\" viewBox=\"0 0 384 512\" xmlns=\"http:\/\/www.w3.org\/2000\/svg\"><path d=\"M369.9 97.9L286 14C277 5 264.8-.1 252.1-.1H48C21.5 0 0 21.5 0 48v416c0 26.5 21.5 48 48 48h288c26.5 0 48-21.5 48-48V131.9c0-12.7-5.1-25-14.1-34zM332.1 128H256V51.9l76.1 76.1zM48 464V48h160v104c0 13.3 10.7 24 24 24h104v288H48zm250.2-143.7c-12.2-12-47-8.7-64.4-6.5-17.2-10.5-28.7-25-36.8-46.3 3.9-16.1 10.1-40.6 5.4-56-4.2-26.2-37.8-23.6-42.6-5.9-4.4 16.1-.4 38.5 7 67.1-10 23.9-24.9 56-35.4 74.4-20 10.3-47 26.2-51 46.2-3.3 15.8 26 55.2 76.1-31.2 22.4-7.4 46.8-16.5 68.4-20.1 18.9 10.2 41 17 55.8 17 25.5 0 28-28.2 17.5-38.7zm-198.1 77.8c5.1-13.7 24.5-29.5 30.4-35-19 30.3-30.4 35.7-30.4 35zm81.6-190.6c7.4 0 6.7 32.1 1.8 40.8-4.4-13.9-4.3-40.8-1.8-40.8zm-24.4 136.6c9.7-16.9 18-37 24.7-54.7 8.3 15.1 18.9 27.2 30.1 35.5-20.8 4.3-38.9 13.1-54.8 19.2zm131.6-5s-5 6-37.3-7.8c35.1-2.6 40.9 5.4 37.3 7.8z\"><\/path><\/svg>\t\t\t\t\t\t<\/span>\n\t\t\t\t\t\t\t\t\t\t<span class=\"elementor-icon-list-text\">Directores art\u00edsticos Plan de estudios<\/span>\n\t\t\t\t\t\t\t\t\t\t\t<\/a>\n\t\t\t\t\t\t\t\t\t<\/li>\n\t\t\t\t\t\t\t\t<li class=\"elementor-icon-list-item\">\n\t\t\t\t\t\t\t\t\t\t\t<a href=\"https:\/\/teatrodelsottosuolo.it\/wp-content\/uploads\/2025\/07\/curriculum_2019-Ado-Sanna.pdf\" target=\"_blank\">\n\n\t\t\t\t\t\t\t\t\t\t\t\t<span class=\"elementor-icon-list-icon\">\n\t\t\t\t\t\t\t<svg aria-hidden=\"true\" class=\"e-font-icon-svg e-far-file-pdf\" viewBox=\"0 0 384 512\" xmlns=\"http:\/\/www.w3.org\/2000\/svg\"><path d=\"M369.9 97.9L286 14C277 5 264.8-.1 252.1-.1H48C21.5 0 0 21.5 0 48v416c0 26.5 21.5 48 48 48h288c26.5 0 48-21.5 48-48V131.9c0-12.7-5.1-25-14.1-34zM332.1 128H256V51.9l76.1 76.1zM48 464V48h160v104c0 13.3 10.7 24 24 24h104v288H48zm250.2-143.7c-12.2-12-47-8.7-64.4-6.5-17.2-10.5-28.7-25-36.8-46.3 3.9-16.1 10.1-40.6 5.4-56-4.2-26.2-37.8-23.6-42.6-5.9-4.4 16.1-.4 38.5 7 67.1-10 23.9-24.9 56-35.4 74.4-20 10.3-47 26.2-51 46.2-3.3 15.8 26 55.2 76.1-31.2 22.4-7.4 46.8-16.5 68.4-20.1 18.9 10.2 41 17 55.8 17 25.5 0 28-28.2 17.5-38.7zm-198.1 77.8c5.1-13.7 24.5-29.5 30.4-35-19 30.3-30.4 35.7-30.4 35zm81.6-190.6c7.4 0 6.7 32.1 1.8 40.8-4.4-13.9-4.3-40.8-1.8-40.8zm-24.4 136.6c9.7-16.9 18-37 24.7-54.7 8.3 15.1 18.9 27.2 30.1 35.5-20.8 4.3-38.9 13.1-54.8 19.2zm131.6-5s-5 6-37.3-7.8c35.1-2.6 40.9 5.4 37.3 7.8z\"><\/path><\/svg>\t\t\t\t\t\t<\/span>\n\t\t\t\t\t\t\t\t\t\t<span class=\"elementor-icon-list-text\">Secretario CV<\/span>\n\t\t\t\t\t\t\t\t\t\t\t<\/a>\n\t\t\t\t\t\t\t\t\t<\/li>\n\t\t\t\t\t\t\t\t<li class=\"elementor-icon-list-item\">\n\t\t\t\t\t\t\t\t\t\t\t<a href=\"https:\/\/teatrodelsottosuolo.it\/wp-content\/uploads\/2025\/07\/CUrRICULUM-dott.FRANCESCO-LUXORO.pdf\" target=\"_blank\">\n\n\t\t\t\t\t\t\t\t\t\t\t\t<span class=\"elementor-icon-list-icon\">\n\t\t\t\t\t\t\t<svg aria-hidden=\"true\" class=\"e-font-icon-svg e-far-file-pdf\" viewBox=\"0 0 384 512\" xmlns=\"http:\/\/www.w3.org\/2000\/svg\"><path d=\"M369.9 97.9L286 14C277 5 264.8-.1 252.1-.1H48C21.5 0 0 21.5 0 48v416c0 26.5 21.5 48 48 48h288c26.5 0 48-21.5 48-48V131.9c0-12.7-5.1-25-14.1-34zM332.1 128H256V51.9l76.1 76.1zM48 464V48h160v104c0 13.3 10.7 24 24 24h104v288H48zm250.2-143.7c-12.2-12-47-8.7-64.4-6.5-17.2-10.5-28.7-25-36.8-46.3 3.9-16.1 10.1-40.6 5.4-56-4.2-26.2-37.8-23.6-42.6-5.9-4.4 16.1-.4 38.5 7 67.1-10 23.9-24.9 56-35.4 74.4-20 10.3-47 26.2-51 46.2-3.3 15.8 26 55.2 76.1-31.2 22.4-7.4 46.8-16.5 68.4-20.1 18.9 10.2 41 17 55.8 17 25.5 0 28-28.2 17.5-38.7zm-198.1 77.8c5.1-13.7 24.5-29.5 30.4-35-19 30.3-30.4 35.7-30.4 35zm81.6-190.6c7.4 0 6.7 32.1 1.8 40.8-4.4-13.9-4.3-40.8-1.8-40.8zm-24.4 136.6c9.7-16.9 18-37 24.7-54.7 8.3 15.1 18.9 27.2 30.1 35.5-20.8 4.3-38.9 13.1-54.8 19.2zm131.6-5s-5 6-37.3-7.8c35.1-2.6 40.9 5.4 37.3 7.8z\"><\/path><\/svg>\t\t\t\t\t\t<\/span>\n\t\t\t\t\t\t\t\t\t\t<span class=\"elementor-icon-list-text\">Curriculum vitae Contable Dr. Francesco Luxoro<\/span>\n\t\t\t\t\t\t\t\t\t\t\t<\/a>\n\t\t\t\t\t\t\t\t\t<\/li>\n\t\t\t\t\t\t\t\t<li class=\"elementor-icon-list-item\">\n\t\t\t\t\t\t\t\t\t\t\t<a href=\"https:\/\/teatrodelsottosuolo.it\/wp-content\/uploads\/2025\/07\/Luxoro.pdf\" target=\"_blank\">\n\n\t\t\t\t\t\t\t\t\t\t\t\t<span class=\"elementor-icon-list-icon\">\n\t\t\t\t\t\t\t<svg aria-hidden=\"true\" class=\"e-font-icon-svg e-far-file-pdf\" viewBox=\"0 0 384 512\" xmlns=\"http:\/\/www.w3.org\/2000\/svg\"><path d=\"M369.9 97.9L286 14C277 5 264.8-.1 252.1-.1H48C21.5 0 0 21.5 0 48v416c0 26.5 21.5 48 48 48h288c26.5 0 48-21.5 48-48V131.9c0-12.7-5.1-25-14.1-34zM332.1 128H256V51.9l76.1 76.1zM48 464V48h160v104c0 13.3 10.7 24 24 24h104v288H48zm250.2-143.7c-12.2-12-47-8.7-64.4-6.5-17.2-10.5-28.7-25-36.8-46.3 3.9-16.1 10.1-40.6 5.4-56-4.2-26.2-37.8-23.6-42.6-5.9-4.4 16.1-.4 38.5 7 67.1-10 23.9-24.9 56-35.4 74.4-20 10.3-47 26.2-51 46.2-3.3 15.8 26 55.2 76.1-31.2 22.4-7.4 46.8-16.5 68.4-20.1 18.9 10.2 41 17 55.8 17 25.5 0 28-28.2 17.5-38.7zm-198.1 77.8c5.1-13.7 24.5-29.5 30.4-35-19 30.3-30.4 35.7-30.4 35zm81.6-190.6c7.4 0 6.7 32.1 1.8 40.8-4.4-13.9-4.3-40.8-1.8-40.8zm-24.4 136.6c9.7-16.9 18-37 24.7-54.7 8.3 15.1 18.9 27.2 30.1 35.5-20.8 4.3-38.9 13.1-54.8 19.2zm131.6-5s-5 6-37.3-7.8c35.1-2.6 40.9 5.4 37.3 7.8z\"><\/path><\/svg>\t\t\t\t\t\t<\/span>\n\t\t\t\t\t\t\t\t\t\t<span class=\"elementor-icon-list-text\">Carta de asignaci\u00f3n Contable Dr. Francesco Luxoro<\/span>\n\t\t\t\t\t\t\t\t\t\t\t<\/a>\n\t\t\t\t\t\t\t\t\t<\/li>\n\t\t\t\t\t\t\t\t<li class=\"elementor-icon-list-item\">\n\t\t\t\t\t\t\t\t\t\t\t<a href=\"https:\/\/teatrodelsottosuolo.it\/wp-content\/uploads\/2025\/07\/Cv_europeo-Roberta-Manunza.pdf\" target=\"_blank\">\n\n\t\t\t\t\t\t\t\t\t\t\t\t<span class=\"elementor-icon-list-icon\">\n\t\t\t\t\t\t\t<svg aria-hidden=\"true\" class=\"e-font-icon-svg e-far-file-pdf\" viewBox=\"0 0 384 512\" xmlns=\"http:\/\/www.w3.org\/2000\/svg\"><path d=\"M369.9 97.9L286 14C277 5 264.8-.1 252.1-.1H48C21.5 0 0 21.5 0 48v416c0 26.5 21.5 48 48 48h288c26.5 0 48-21.5 48-48V131.9c0-12.7-5.1-25-14.1-34zM332.1 128H256V51.9l76.1 76.1zM48 464V48h160v104c0 13.3 10.7 24 24 24h104v288H48zm250.2-143.7c-12.2-12-47-8.7-64.4-6.5-17.2-10.5-28.7-25-36.8-46.3 3.9-16.1 10.1-40.6 5.4-56-4.2-26.2-37.8-23.6-42.6-5.9-4.4 16.1-.4 38.5 7 67.1-10 23.9-24.9 56-35.4 74.4-20 10.3-47 26.2-51 46.2-3.3 15.8 26 55.2 76.1-31.2 22.4-7.4 46.8-16.5 68.4-20.1 18.9 10.2 41 17 55.8 17 25.5 0 28-28.2 17.5-38.7zm-198.1 77.8c5.1-13.7 24.5-29.5 30.4-35-19 30.3-30.4 35.7-30.4 35zm81.6-190.6c7.4 0 6.7 32.1 1.8 40.8-4.4-13.9-4.3-40.8-1.8-40.8zm-24.4 136.6c9.7-16.9 18-37 24.7-54.7 8.3 15.1 18.9 27.2 30.1 35.5-20.8 4.3-38.9 13.1-54.8 19.2zm131.6-5s-5 6-37.3-7.8c35.1-2.6 40.9 5.4 37.3 7.8z\"><\/path><\/svg>\t\t\t\t\t\t<\/span>\n\t\t\t\t\t\t\t\t\t\t<span class=\"elementor-icon-list-text\">Consultora laboral sobre planes de estudios Dra. Roberta Manunza<\/span>\n\t\t\t\t\t\t\t\t\t\t\t<\/a>\n\t\t\t\t\t\t\t\t\t<\/li>\n\t\t\t\t\t\t\t\t<li class=\"elementor-icon-list-item\">\n\t\t\t\t\t\t\t\t\t\t\t<a href=\"https:\/\/teatrodelsottosuolo.it\/wp-content\/uploads\/2025\/07\/Roberta-Manunza.pdf\" target=\"_blank\">\n\n\t\t\t\t\t\t\t\t\t\t\t\t<span class=\"elementor-icon-list-icon\">\n\t\t\t\t\t\t\t<svg aria-hidden=\"true\" class=\"e-font-icon-svg e-far-file-pdf\" viewBox=\"0 0 384 512\" xmlns=\"http:\/\/www.w3.org\/2000\/svg\"><path d=\"M369.9 97.9L286 14C277 5 264.8-.1 252.1-.1H48C21.5 0 0 21.5 0 48v416c0 26.5 21.5 48 48 48h288c26.5 0 48-21.5 48-48V131.9c0-12.7-5.1-25-14.1-34zM332.1 128H256V51.9l76.1 76.1zM48 464V48h160v104c0 13.3 10.7 24 24 24h104v288H48zm250.2-143.7c-12.2-12-47-8.7-64.4-6.5-17.2-10.5-28.7-25-36.8-46.3 3.9-16.1 10.1-40.6 5.4-56-4.2-26.2-37.8-23.6-42.6-5.9-4.4 16.1-.4 38.5 7 67.1-10 23.9-24.9 56-35.4 74.4-20 10.3-47 26.2-51 46.2-3.3 15.8 26 55.2 76.1-31.2 22.4-7.4 46.8-16.5 68.4-20.1 18.9 10.2 41 17 55.8 17 25.5 0 28-28.2 17.5-38.7zm-198.1 77.8c5.1-13.7 24.5-29.5 30.4-35-19 30.3-30.4 35.7-30.4 35zm81.6-190.6c7.4 0 6.7 32.1 1.8 40.8-4.4-13.9-4.3-40.8-1.8-40.8zm-24.4 136.6c9.7-16.9 18-37 24.7-54.7 8.3 15.1 18.9 27.2 30.1 35.5-20.8 4.3-38.9 13.1-54.8 19.2zm131.6-5s-5 6-37.3-7.8c35.1-2.6 40.9 5.4 37.3 7.8z\"><\/path><\/svg>\t\t\t\t\t\t<\/span>\n\t\t\t\t\t\t\t\t\t\t<span class=\"elementor-icon-list-text\">Carta de asignaci\u00f3n Asesora Laboral Dra. Roberta Manunza<\/span>\n\t\t\t\t\t\t\t\t\t\t\t<\/a>\n\t\t\t\t\t\t\t\t\t<\/li>\n\t\t\t\t\t\t<\/ul>\n\t\t\t\t\t\t<\/div>\n\t\t\t\t<\/div>\n\t\t\t\t<\/div>\n\t\t\t\t\t<\/div>\n\t\t\t\t<\/div>\n\t\t\t\t<\/div>\n\t\t","protected":false},"excerpt":{"rendered":"<p>TRANSPARENCIA Ley de Transparencia 7 de octubre de 2013 n\u00fam. 112De conformidad con los apartados 2 y 3 del art\u00edculo 9 del Decreto Legislativo n.\u00ba 91, de 8 de agosto de 2013, convertido en la Ley n.\u00ba 112, de 7 de octubre de 2013, en lo que respecta a la informaci\u00f3n sobre los titulares de [&hellip;]<\/p>\n","protected":false},"author":1,"featured_media":0,"parent":0,"menu_order":0,"comment_status":"closed","ping_status":"closed","template":"","meta":{"_acf_changed":false,"footnotes":""},"class_list":["post-2187","page","type-page","status-publish","hentry"],"acf":[],"_links":{"self":[{"href":"https:\/\/teatrodelsottosuolo.it\/es\/wp-json\/wp\/v2\/pages\/2187","targetHints":{"allow":["GET"]}}],"collection":[{"href":"https:\/\/teatrodelsottosuolo.it\/es\/wp-json\/wp\/v2\/pages"}],"about":[{"href":"https:\/\/teatrodelsottosuolo.it\/es\/wp-json\/wp\/v2\/types\/page"}],"author":[{"embeddable":true,"href":"https:\/\/teatrodelsottosuolo.it\/es\/wp-json\/wp\/v2\/users\/1"}],"replies":[{"embeddable":true,"href":"https:\/\/teatrodelsottosuolo.it\/es\/wp-json\/wp\/v2\/comments?post=2187"}],"version-history":[{"count":2,"href":"https:\/\/teatrodelsottosuolo.it\/es\/wp-json\/wp\/v2\/pages\/2187\/revisions"}],"predecessor-version":[{"id":2784,"href":"https:\/\/teatrodelsottosuolo.it\/es\/wp-json\/wp\/v2\/pages\/2187\/revisions\/2784"}],"wp:attachment":[{"href":"https:\/\/teatrodelsottosuolo.it\/es\/wp-json\/wp\/v2\/media?parent=2187"}],"curies":[{"name":"wp","href":"https:\/\/api.w.org\/{rel}","templated":true}]}}