{"id":2191,"date":"2025-07-19T07:33:59","date_gmt":"2025-07-19T05:33:59","guid":{"rendered":"https:\/\/teatrodelsottosuolo.it\/politica-de-cookies\/"},"modified":"2025-08-11T10:25:51","modified_gmt":"2025-08-11T08:25:51","slug":"politica-de-cookies","status":"publish","type":"page","link":"https:\/\/teatrodelsottosuolo.it\/es\/politica-de-cookies\/","title":{"rendered":"Pol\u00edtica de cookies"},"content":{"rendered":"\t\t<div data-elementor-type=\"wp-page\" data-elementor-id=\"2191\" class=\"elementor elementor-2191 elementor-27\" data-elementor-post-type=\"page\">\n\t\t\t\t<div data-dce-background-overlay-color=\"#000000\" data-dce-background-image-url=\"https:\/\/teatrodelsottosuolo.it\/wp-content\/uploads\/2025\/07\/pat_01_Risorsa-1-50.jpg\" class=\"elementor-element elementor-element-f4cfd70 e-flex e-con-boxed e-con e-parent\" data-id=\"f4cfd70\" data-element_type=\"container\" data-e-type=\"container\" data-settings=\"{&quot;background_background&quot;:&quot;classic&quot;,&quot;background_motion_fx_motion_fx_scrolling&quot;:&quot;yes&quot;,&quot;background_motion_fx_translateY_effect&quot;:&quot;yes&quot;,&quot;background_motion_fx_translateY_speed&quot;:{&quot;unit&quot;:&quot;px&quot;,&quot;size&quot;:2,&quot;sizes&quot;:[]},&quot;background_motion_fx_translateY_affectedRange&quot;:{&quot;unit&quot;:&quot;%&quot;,&quot;size&quot;:&quot;&quot;,&quot;sizes&quot;:{&quot;start&quot;:0,&quot;end&quot;:100}},&quot;background_motion_fx_devices&quot;:[&quot;desktop&quot;,&quot;tablet&quot;,&quot;mobile&quot;]}\">\n\t\t\t\t\t<div class=\"e-con-inner\">\n\t\t<div class=\"elementor-element elementor-element-7b833cb7 e-con-full e-flex e-con e-child\" data-id=\"7b833cb7\" data-element_type=\"container\" data-e-type=\"container\">\n\t\t\t\t<div class=\"elementor-element elementor-element-62ea9c71 elementor-widget elementor-widget-heading\" data-id=\"62ea9c71\" data-element_type=\"widget\" data-e-type=\"widget\" data-widget_type=\"heading.default\">\n\t\t\t\t\t<h2 class=\"elementor-heading-title elementor-size-default\">Pol\u00edtica de cookies<\/h2>\t\t\t\t<\/div>\n\t\t\t\t<\/div>\n\t\t<div data-dce-background-color=\"#0000009C\" class=\"elementor-element elementor-element-615e62af e-con-full e-flex e-con e-child\" data-id=\"615e62af\" data-element_type=\"container\" data-e-type=\"container\" data-settings=\"{&quot;background_background&quot;:&quot;classic&quot;}\">\n\t\t\t\t<div class=\"elementor-element elementor-element-2ca067f elementor-widget elementor-widget-text-editor\" data-id=\"2ca067f\" data-element_type=\"widget\" data-e-type=\"widget\" data-widget_type=\"text-editor.default\">\n\t\t\t\t\t\t\t\t\tEsta Pol\u00edtica de Cookies explica qu\u00e9 son las cookies y c\u00f3mo las utilizamos, qu\u00e9 tipos de cookies utilizamos, qu\u00e9 informaci\u00f3n recopilamos a trav\u00e9s de las cookies y c\u00f3mo se utiliza esa informaci\u00f3n, c\u00f3mo gestionar la configuraci\u00f3n de las cookies.\t\t\t\t\t\t\t\t<\/div>\n\t\t\t\t<div class=\"elementor-element elementor-element-78936fe elementor-widget elementor-widget-heading\" data-id=\"78936fe\" data-element_type=\"widget\" data-e-type=\"widget\" data-widget_type=\"heading.default\">\n\t\t\t\t\t<h3 class=\"elementor-heading-title elementor-size-default\">Qu\u00e9 son las cookies<\/h3>\t\t\t\t<\/div>\n\t\t\t\t<div class=\"elementor-element elementor-element-463444ba elementor-widget elementor-widget-text-editor\" data-id=\"463444ba\" data-element_type=\"widget\" data-e-type=\"widget\" data-widget_type=\"text-editor.default\">\n\t\t\t\t\t\t\t\t\t<p>Las cookies son peque\u00f1os archivos de texto que se utilizan para almacenar peque\u00f1as piezas de informaci\u00f3n. Se almacenan en su dispositivo cuando el sitio web se carga en su navegador. Estas cookies nos ayudan a que el sitio web funcione correctamente, a que sea m\u00e1s seguro, a ofrecer una mejor experiencia al usuario, a entender c\u00f3mo funciona el sitio web y a analizar qu\u00e9 funciona y qu\u00e9 aspectos deben mejorarse.<\/p>\t\t\t\t\t\t\t\t<\/div>\n\t\t\t\t<div class=\"elementor-element elementor-element-59250d91 elementor-widget elementor-widget-heading\" data-id=\"59250d91\" data-element_type=\"widget\" data-e-type=\"widget\" data-widget_type=\"heading.default\">\n\t\t\t\t\t<h3 class=\"elementor-heading-title elementor-size-default\">C\u00f3mo las utilizamos<\/h3>\t\t\t\t<\/div>\n\t\t\t\t<div class=\"elementor-element elementor-element-42b09906 elementor-widget elementor-widget-text-editor\" data-id=\"42b09906\" data-element_type=\"widget\" data-e-type=\"widget\" data-widget_type=\"text-editor.default\">\n\t\t\t\t\t\t\t\t\t<p>Como la mayor\u00eda de los servicios en l\u00ednea, nuestro sitio utiliza cookies propias y de terceros con distintos fines. Las cookies propias son, en su mayor\u00eda, necesarias para que el sitio web funcione correctamente y no recogen ning\u00fan dato que pueda identificarle personalmente.<\/p><p>Las cookies de terceros utilizadas en nuestro sitio web nos sirven principalmente para comprender el rendimiento del sitio, c\u00f3mo interact\u00faa con \u00e9l, mantener nuestros servicios seguros, ofrecerle una mejor experiencia de usuario y ayudar a agilizar sus futuras interacciones con nuestro sitio web.<\/p>\t\t\t\t\t\t\t\t<\/div>\n\t\t\t\t<div class=\"elementor-element elementor-element-19a9b0bf elementor-widget elementor-widget-heading\" data-id=\"19a9b0bf\" data-element_type=\"widget\" data-e-type=\"widget\" data-widget_type=\"heading.default\">\n\t\t\t\t\t<h3 class=\"elementor-heading-title elementor-size-default\">Qu\u00e9 tipos de cookies utilizamos<\/h3>\t\t\t\t<\/div>\n\t\t\t\t<div class=\"elementor-element elementor-element-3dd57c4 elementor-widget elementor-widget-html\" data-id=\"3dd57c4\" data-element_type=\"widget\" data-e-type=\"widget\" data-widget_type=\"html.default\">\n\t\t\t\t\t<div class=\"cky-audit-table-element\"><\/div>\t\t\t\t<\/div>\n\t\t\t\t<div class=\"elementor-element elementor-element-f2583f1 elementor-widget elementor-widget-heading\" data-id=\"f2583f1\" data-element_type=\"widget\" data-e-type=\"widget\" data-widget_type=\"heading.default\">\n\t\t\t\t\t<h3 class=\"elementor-heading-title elementor-size-default\">Gestione sus preferencias<\/h3>\t\t\t\t<\/div>\n\t\t\t\t<div class=\"elementor-element elementor-element-46fc2947 elementor-widget elementor-widget-text-editor\" data-id=\"46fc2947\" data-element_type=\"widget\" data-e-type=\"widget\" data-widget_type=\"text-editor.default\">\n\t\t\t\t\t\t\t\t\t<p><a class=\"cky-banner-element\">Administrar cookies<\/a><\/p><p>Puede cambiar sus preferencias de cookies en cualquier momento haciendo clic en el bot\u00f3n de arriba. Esto le permitir\u00e1 volver a visitar el banner de consentimiento de cookies y cambiar sus preferencias o revocar su consentimiento inmediatamente.<\/p>\t\t\t\t\t\t\t\t<\/div>\n\t\t\t\t<div class=\"elementor-element elementor-element-38d0e614 elementor-widget elementor-widget-heading\" data-id=\"38d0e614\" data-element_type=\"widget\" data-e-type=\"widget\" data-widget_type=\"heading.default\">\n\t\t\t\t\t<h3 class=\"elementor-heading-title elementor-size-default\">Otras opciones<\/h3>\t\t\t\t<\/div>\n\t\t\t\t<div class=\"elementor-element elementor-element-1a35464c elementor-widget elementor-widget-text-editor\" data-id=\"1a35464c\" data-element_type=\"widget\" data-e-type=\"widget\" data-widget_type=\"text-editor.default\">\n\t\t\t\t\t\t\t\t\t<p>Los distintos navegadores ofrecen diferentes m\u00e9todos para bloquear y eliminar las cookies utilizadas por los sitios web. Puede cambiar la configuraci\u00f3n de su navegador para bloquear\/eliminar las cookies. A continuaci\u00f3n encontrar\u00e1 enlaces a documentos de apoyo sobre c\u00f3mo gestionar y eliminar las cookies de los principales navegadores web.<\/p><p>Cromo: <a href=\"https:\/\/support.google.com\/accounts\/answer\/32050\" target=\"_blank\" rel=\"noopener\">https:\/\/support.google.com\/accounts\/answer\/32050<\/a><\/p><p>Safari: <a href=\"https:\/\/support.apple.com\/en-in\/guide\/safari\/sfri11471\/mac\" target=\"_blank\" rel=\"noopener\">https:\/\/support.apple.com\/en-in\/guide\/safari\/sfri11471\/mac<\/a><\/p><p>Firefox: <a href=\"https:\/\/support.mozilla.org\/en-US\/kb\/clear-cookies-and-site-data-firefox?redirectslug=delete-cookies-remove-info-websites-stored&amp;redirectlocale=en-US\" target=\"_blank\" rel=\"noopener\">https:\/\/support.mozilla.org\/en-US\/kb\/clear-cookies-and-site-data-firefox?redirectslug=delete-cookies-remove-info-websites-stored&amp;redirectlocale=en-US<\/a><\/p><p>Internet Explorer: <a href=\"https:\/\/support.microsoft.com\/en-us\/topic\/how-to-delete-cookie-files-in-internet-explorer-bca9446f-d873-78de-77ba-d42645fa52fc\" target=\"_blank\" rel=\"noopener\">https:\/\/support.microsoft.com\/en-us\/topic\/how-to-delete-cookie-files-in-internet-explorer-bca9446f-d873-78de-77ba-d42645fa52fc<\/a><\/p><p>Si utiliza otro navegador, consulte la documentaci\u00f3n oficial de su navegador.<\/p>\t\t\t\t\t\t\t\t<\/div>\n\t\t\t\t<div class=\"elementor-element elementor-element-1b11429a elementor-widget elementor-widget-heading\" data-id=\"1b11429a\" data-element_type=\"widget\" data-e-type=\"widget\" data-widget_type=\"heading.default\">\n\t\t\t\t\t<h3 class=\"elementor-heading-title elementor-size-default\">Actualizaciones<\/h3>\t\t\t\t<\/div>\n\t\t\t\t<div class=\"elementor-element elementor-element-47564b1a elementor-widget elementor-widget-text-editor\" data-id=\"47564b1a\" data-element_type=\"widget\" data-e-type=\"widget\" data-widget_type=\"text-editor.default\">\n\t\t\t\t\t\t\t\t\t<p>Fecha de creaci\u00f3n: 20 de julio de 2025<br>\u00daltima actualizaci\u00f3n: 20 de julio de 2025<\/p>\t\t\t\t\t\t\t\t<\/div>\n\t\t\t\t<\/div>\n\t\t\t\t\t<\/div>\n\t\t\t\t<\/div>\n\t\t\t\t<\/div>\n\t\t","protected":false},"excerpt":{"rendered":"<p>Pol\u00edtica de cookies Esta Pol\u00edtica de Cookies explica qu\u00e9 son las cookies y c\u00f3mo las utilizamos, qu\u00e9 tipos de cookies utilizamos, qu\u00e9 informaci\u00f3n recopilamos a trav\u00e9s de las cookies y c\u00f3mo se utiliza esa informaci\u00f3n, c\u00f3mo gestionar la configuraci\u00f3n de las cookies. Qu\u00e9 son las cookies Las cookies son peque\u00f1os archivos de texto que se [&hellip;]<\/p>\n","protected":false},"author":1,"featured_media":0,"parent":0,"menu_order":0,"comment_status":"closed","ping_status":"closed","template":"","meta":{"_acf_changed":false,"footnotes":""},"class_list":["post-2191","page","type-page","status-publish","hentry"],"acf":[],"_links":{"self":[{"href":"https:\/\/teatrodelsottosuolo.it\/es\/wp-json\/wp\/v2\/pages\/2191","targetHints":{"allow":["GET"]}}],"collection":[{"href":"https:\/\/teatrodelsottosuolo.it\/es\/wp-json\/wp\/v2\/pages"}],"about":[{"href":"https:\/\/teatrodelsottosuolo.it\/es\/wp-json\/wp\/v2\/types\/page"}],"author":[{"embeddable":true,"href":"https:\/\/teatrodelsottosuolo.it\/es\/wp-json\/wp\/v2\/users\/1"}],"replies":[{"embeddable":true,"href":"https:\/\/teatrodelsottosuolo.it\/es\/wp-json\/wp\/v2\/comments?post=2191"}],"version-history":[{"count":1,"href":"https:\/\/teatrodelsottosuolo.it\/es\/wp-json\/wp\/v2\/pages\/2191\/revisions"}],"predecessor-version":[{"id":2192,"href":"https:\/\/teatrodelsottosuolo.it\/es\/wp-json\/wp\/v2\/pages\/2191\/revisions\/2192"}],"wp:attachment":[{"href":"https:\/\/teatrodelsottosuolo.it\/es\/wp-json\/wp\/v2\/media?parent=2191"}],"curies":[{"name":"wp","href":"https:\/\/api.w.org\/{rel}","templated":true}]}}