{"id":2195,"date":"2025-07-19T07:41:03","date_gmt":"2025-07-19T05:41:03","guid":{"rendered":"https:\/\/teatrodelsottosuolo.it\/politica-de-privacidad\/"},"modified":"2025-08-11T10:26:57","modified_gmt":"2025-08-11T08:26:57","slug":"politica-de-privacidad","status":"publish","type":"page","link":"https:\/\/teatrodelsottosuolo.it\/es\/politica-de-privacidad\/","title":{"rendered":"Pol\u00edtica de privacidad"},"content":{"rendered":"\t\t<div data-elementor-type=\"wp-page\" data-elementor-id=\"2195\" class=\"elementor elementor-2195 elementor-3\" data-elementor-post-type=\"page\">\n\t\t\t\t<div data-dce-background-overlay-color=\"#000000\" data-dce-background-image-url=\"https:\/\/teatrodelsottosuolo.it\/wp-content\/uploads\/2025\/07\/pat_01_Risorsa-1-50.jpg\" class=\"elementor-element elementor-element-2a7f14ec e-flex e-con-boxed e-con e-parent\" data-id=\"2a7f14ec\" data-element_type=\"container\" data-e-type=\"container\" data-settings=\"{&quot;background_background&quot;:&quot;classic&quot;,&quot;background_motion_fx_motion_fx_scrolling&quot;:&quot;yes&quot;,&quot;background_motion_fx_translateY_effect&quot;:&quot;yes&quot;,&quot;background_motion_fx_translateY_speed&quot;:{&quot;unit&quot;:&quot;px&quot;,&quot;size&quot;:2,&quot;sizes&quot;:[]},&quot;background_motion_fx_translateY_affectedRange&quot;:{&quot;unit&quot;:&quot;%&quot;,&quot;size&quot;:&quot;&quot;,&quot;sizes&quot;:{&quot;start&quot;:0,&quot;end&quot;:100}},&quot;background_motion_fx_devices&quot;:[&quot;desktop&quot;,&quot;tablet&quot;,&quot;mobile&quot;]}\">\n\t\t\t\t\t<div class=\"e-con-inner\">\n\t\t<div class=\"elementor-element elementor-element-11a1e9af e-con-full e-flex e-con e-child\" data-id=\"11a1e9af\" data-element_type=\"container\" data-e-type=\"container\">\n\t\t\t\t<div class=\"elementor-element elementor-element-4b7b674c elementor-widget elementor-widget-heading\" data-id=\"4b7b674c\" data-element_type=\"widget\" data-e-type=\"widget\" data-widget_type=\"heading.default\">\n\t\t\t\t\t<h2 class=\"elementor-heading-title elementor-size-default\">POL\u00cdTICA DE PRIVACIDAD<\/h2>\t\t\t\t<\/div>\n\t\t\t\t<div class=\"elementor-element elementor-element-3adbba15 elementor-widget elementor-widget-text-editor\" data-id=\"3adbba15\" data-element_type=\"widget\" data-e-type=\"widget\" data-widget_type=\"text-editor.default\">\n\t\t\t\t\t\t\t\t\t<p>Pol\u00edtica de gesti\u00f3n de datos personales<\/p>\t\t\t\t\t\t\t\t<\/div>\n\t\t\t\t<\/div>\n\t\t<div data-dce-background-color=\"#0000009C\" class=\"elementor-element elementor-element-18f9e527 e-con-full e-flex e-con e-child\" data-id=\"18f9e527\" data-element_type=\"container\" data-e-type=\"container\" data-settings=\"{&quot;background_background&quot;:&quot;classic&quot;}\">\n\t\t\t\t<div class=\"elementor-element elementor-element-744eb962 elementor-widget elementor-widget-text-editor\" data-id=\"744eb962\" data-element_type=\"widget\" data-e-type=\"widget\" data-widget_type=\"text-editor.default\">\n\t\t\t\t\t\t\t\t\t<p>De conformidad con el Decreto Legislativo n\u00ba . 196 (C\u00f3digo de Protecci\u00f3n de Datos Personales) en su versi\u00f3n modificada, y GDPR &#8211; Art. 13 Y 14 del Reglamento de la UE 2016\/679 de 27 de abril de 2016, este sitio respeta y protege la privacidad de los visitantes y usuarios. Esta pol\u00edtica de privacidad se aplica exclusivamente a las actividades en l\u00ednea de este sitio y es v\u00e1lida para los visitantes\/usuarios del sitio. No se aplica a la informaci\u00f3n recopilada a trav\u00e9s de canales distintos de este sitio web. En cumplimiento de las obligaciones derivadas de la legislaci\u00f3n nacional y comunitaria sobre protecci\u00f3n de datos personales, este sitio respeta y protege la privacidad de los visitantes y usuarios.<\/p>\t\t\t\t\t\t\t\t<\/div>\n\t\t\t\t<div class=\"elementor-element elementor-element-7600fd8e elementor-widget elementor-widget-heading\" data-id=\"7600fd8e\" data-element_type=\"widget\" data-e-type=\"widget\" data-widget_type=\"heading.default\">\n\t\t\t\t\t<h3 class=\"elementor-heading-title elementor-size-default\">Consentimiento<\/h3>\t\t\t\t<\/div>\n\t\t\t\t<div class=\"elementor-element elementor-element-50511d3c elementor-widget elementor-widget-text-editor\" data-id=\"50511d3c\" data-element_type=\"widget\" data-e-type=\"widget\" data-widget_type=\"text-editor.default\">\n\t\t\t\t\t\t\t\t\t<p>Al utilizar o consultar este sitio, los visitantes y usuarios aprueban expl\u00edcitamente la presente Pol\u00edtica de Privacidad y consienten el uso de sus datos personales en la forma y para los fines descritos a continuaci\u00f3n.<\/p>\t\t\t\t\t\t\t\t<\/div>\n\t\t\t\t<div class=\"elementor-element elementor-element-f0b3476 elementor-widget elementor-widget-heading\" data-id=\"f0b3476\" data-element_type=\"widget\" data-e-type=\"widget\" data-widget_type=\"heading.default\">\n\t\t\t\t\t<h3 class=\"elementor-heading-title elementor-size-default\">Datos recogidos y finalidad<\/h3>\t\t\t\t<\/div>\n\t\t\t\t<div class=\"elementor-element elementor-element-bcd01a6 elementor-widget elementor-widget-text-editor\" data-id=\"bcd01a6\" data-element_type=\"widget\" data-e-type=\"widget\" data-widget_type=\"text-editor.default\">\n\t\t\t\t\t\t\t\t\t<p>Como todos los sitios web, este sitio tambi\u00e9n utiliza archivos de registro en los que se almacena la informaci\u00f3n recopilada autom\u00e1ticamente durante las visitas de los usuarios. La informaci\u00f3n recopilada puede ser la siguiente<\/p><ul><li>Direcci\u00f3n de Protocolo de Internet (IP);<\/li><li>tipo de navegador y par\u00e1metros del dispositivo utilizado para conectarse al sitio;<\/li><li>nombre del proveedor de servicios de Internet (ISP);<\/li><li>fecha y hora de la visita;<\/li><li>Las p\u00e1ginas web de origen (de referencia) y de salida del visitante;<\/li><li>posiblemente el n\u00famero de clics.<\/li><\/ul><p><br>Esta informaci\u00f3n se procesa autom\u00e1ticamente y se recoge de forma agregada con el \u00fanico fin de verificar el correcto funcionamiento del sitio.<\/p><p>Ninguno de estos datos est\u00e1 relacionado con la persona f\u00edsica usuaria del sitio, y no permite en modo alguno su identificaci\u00f3n. A efectos de seguridad (filtros antispam, cortafuegos, detecci\u00f3n de virus), los datos registrados autom\u00e1ticamente tambi\u00e9n pueden incluir datos personales como la direcci\u00f3n IP, que podr\u00eda utilizarse, de conformidad con la legislaci\u00f3n vigente en la materia, para bloquear intentos de da\u00f1ar el propio sitio o de causar da\u00f1os a otros usuarios, o en cualquier caso actividades perjudiciales o delictivas. Estos datos nunca se utilizan para identificar a los usuarios o elaborar perfiles, sino \u00fanicamente para proteger el sitio y a sus usuarios.<\/p><p>Cuando el sitio permite publicar comentarios, o en el caso de servicios espec\u00edficos solicitados por el usuario, el sitio detecta y registra autom\u00e1ticamente determinados datos de identificaci\u00f3n del usuario, incluida su direcci\u00f3n de correo electr\u00f3nico. Se entiende que estos datos son facilitados voluntariamente por el usuario en el momento de la prestaci\u00f3n del servicio. Al introducir un comentario u otra informaci\u00f3n, el usuario acepta expresamente la pol\u00edtica de privacidad y, en particular, consiente que los contenidos introducidos puedan ser divulgados libremente a terceros.<\/p><p>Los datos recibidos se utilizar\u00e1n exclusivamente para la prestaci\u00f3n del servicio solicitado y s\u00f3lo durante el tiempo necesario para la prestaci\u00f3n del servicio, aunque no m\u00e1s de 5 a\u00f1os. La informaci\u00f3n que los usuarios de la web consideren hacer p\u00fablica a trav\u00e9s de los servicios y herramientas puestos a su disposici\u00f3n es facilitada por el usuario de forma consciente y voluntaria, eximiendo a esta web de cualquier responsabilidad por cualquier incumplimiento de la ley. Corresponde al usuario verificar que tiene permiso para introducir datos personales de terceros o contenidos protegidos por la normativa nacional e internacional.<\/p><p>Los datos recogidos por el sitio durante su funcionamiento se utilizan exclusivamente para los fines mencionados y se conservan durante el tiempo estrictamente necesario para llevar a cabo las actividades especificadas, por un per\u00edodo m\u00e1ximo de 5 a\u00f1os.<\/p><p>En cualquier caso, los datos recogidos por el sitio nunca ser\u00e1n facilitados a terceros, por ning\u00fan motivo, salvo que se trate de una solicitud leg\u00edtima de una autoridad judicial y s\u00f3lo en los casos previstos por la ley.<\/p><p>Los datos recogidos en el sitio se tratan en los locales del responsable del tratamiento.<\/p>\t\t\t\t\t\t\t\t<\/div>\n\t\t\t\t<div class=\"elementor-element elementor-element-1514293b elementor-widget elementor-widget-heading\" data-id=\"1514293b\" data-element_type=\"widget\" data-e-type=\"widget\" data-widget_type=\"heading.default\">\n\t\t\t\t\t<h3 class=\"elementor-heading-title elementor-size-default\">Cookies<\/h3>\t\t\t\t<\/div>\n\t\t\t\t<div class=\"elementor-element elementor-element-607d3cd5 elementor-widget elementor-widget-text-editor\" data-id=\"607d3cd5\" data-element_type=\"widget\" data-e-type=\"widget\" data-widget_type=\"text-editor.default\">\n\t\t\t\t\t\t\t\t\t<p>Visite nuestra <a href=\"https:\/\/teatrodelsottosuolo.it\/es\/politica-de-cookies\/\">Pol\u00edtica de<\/a> cookies para obtener informaci\u00f3n detallada sobre la gesti\u00f3n de cookies para este sitio web.<\/p>\t\t\t\t\t\t\t\t<\/div>\n\t\t\t\t<div class=\"elementor-element elementor-element-62e81a4d elementor-widget elementor-widget-heading\" data-id=\"62e81a4d\" data-element_type=\"widget\" data-e-type=\"widget\" data-widget_type=\"heading.default\">\n\t\t\t\t\t<h3 class=\"elementor-heading-title elementor-size-default\">Medidas de seguridad<\/h3>\t\t\t\t<\/div>\n\t\t\t\t<div class=\"elementor-element elementor-element-1d005ddb elementor-widget elementor-widget-text-editor\" data-id=\"1d005ddb\" data-element_type=\"widget\" data-e-type=\"widget\" data-widget_type=\"text-editor.default\">\n\t\t\t\t\t\t\t\t\t<p>Este sitio procesa los datos de los usuarios de forma legal y justa, adoptando las medidas de seguridad adecuadas para impedir el acceso, la divulgaci\u00f3n, la modificaci\u00f3n o la destrucci\u00f3n no autorizados de los datos. El tratamiento se realiza mediante herramientas inform\u00e1ticas y\/o telem\u00e1ticas, con m\u00e9todos organizativos y l\u00f3gicos estrictamente relacionados con los fines indicados. Adem\u00e1s del propietario, en algunos casos pueden tener acceso a los datos categor\u00edas de personas implicadas en la organizaci\u00f3n del sitio (administrativos, comerciales, de marketing, jur\u00eddicos, administradores de sistemas) o terceros (como proveedores externos de servicios t\u00e9cnicos, mensajeros postales, proveedores de alojamiento, empresas inform\u00e1ticas, agencias de comunicaci\u00f3n).<\/p>\t\t\t\t\t\t\t\t<\/div>\n\t\t\t\t<div class=\"elementor-element elementor-element-50b94d41 elementor-widget elementor-widget-heading\" data-id=\"50b94d41\" data-element_type=\"widget\" data-e-type=\"widget\" data-widget_type=\"heading.default\">\n\t\t\t\t\t<h3 class=\"elementor-heading-title elementor-size-default\">Derechos de los usuarios<\/h3>\t\t\t\t<\/div>\n\t\t\t\t<div class=\"elementor-element elementor-element-77f352bc elementor-widget elementor-widget-text-editor\" data-id=\"77f352bc\" data-element_type=\"widget\" data-e-type=\"widget\" data-widget_type=\"text-editor.default\">\n\t\t\t\t\t\t\t\t\t<p>Los usuarios (titulares de los datos) tienen derecho en todo momento a obtener confirmaci\u00f3n de la existencia o inexistencia de datos que les conciernan, a ser informados de su contenido y origen, a verificar su exactitud o a solicitar que se completen, supriman, actualicen, rectifiquen, transformen en forma an\u00f3nima o bloqueen si su tratamiento infringe la ley, as\u00ed como a oponerse en cualquier caso, por motivos leg\u00edtimos, a su tratamiento, y en todo caso tienen todos los derechos especificados en el Art. 7 del C\u00f3digo de Privacidad.<\/p><p>Las solicitudes deben dirigirse al responsable del tratamiento.<\/p>\t\t\t\t\t\t\t\t<\/div>\n\t\t\t\t<div class=\"elementor-element elementor-element-7aa6043a elementor-widget elementor-widget-heading\" data-id=\"7aa6043a\" data-element_type=\"widget\" data-e-type=\"widget\" data-widget_type=\"heading.default\">\n\t\t\t\t\t<h3 class=\"elementor-heading-title elementor-size-default\">Controlador de datos<\/h3>\t\t\t\t<\/div>\n\t\t\t\t<div class=\"elementor-element elementor-element-7a078201 elementor-widget elementor-widget-text-editor\" data-id=\"7a078201\" data-element_type=\"widget\" data-e-type=\"widget\" data-widget_type=\"text-editor.default\">\n\t\t\t\t\t\t\t\t\t<p>El responsable del tratamiento de datos con arreglo a la legislaci\u00f3n aplicable es Teatro del Sottosuolo, con el que puede ponerse en contacto por correo electr\u00f3nico en la direcci\u00f3n <a href=\"mailto:infoteatrodelsottosuolo@gmail.com\">infoteatrodelsottosuolo@gmail.com.<\/a><\/p>\t\t\t\t\t\t\t\t<\/div>\n\t\t\t\t<div class=\"elementor-element elementor-element-bde1f55 elementor-widget elementor-widget-heading\" data-id=\"bde1f55\" data-element_type=\"widget\" data-e-type=\"widget\" data-widget_type=\"heading.default\">\n\t\t\t\t\t<h3 class=\"elementor-heading-title elementor-size-default\">Actualizaciones<\/h3>\t\t\t\t<\/div>\n\t\t\t\t<div class=\"elementor-element elementor-element-1f00445 elementor-widget elementor-widget-text-editor\" data-id=\"1f00445\" data-element_type=\"widget\" data-e-type=\"widget\" data-widget_type=\"text-editor.default\">\n\t\t\t\t\t\t\t\t\tEsta Pol\u00edtica de Privacidad est\u00e1 actualizada desde el 20 de julio de 2025.\t\t\t\t\t\t\t\t<\/div>\n\t\t\t\t<\/div>\n\t\t\t\t\t<\/div>\n\t\t\t\t<\/div>\n\t\t\t\t<\/div>\n\t\t","protected":false},"excerpt":{"rendered":"<p>POL\u00cdTICA DE PRIVACIDAD Pol\u00edtica de gesti\u00f3n de datos personales De conformidad con el Decreto Legislativo n\u00ba . 196 (C\u00f3digo de Protecci\u00f3n de Datos Personales) en su versi\u00f3n modificada, y GDPR &#8211; Art. 13 Y 14 del Reglamento de la UE 2016\/679 de 27 de abril de 2016, este sitio respeta y protege la privacidad de [&hellip;]<\/p>\n","protected":false},"author":1,"featured_media":0,"parent":0,"menu_order":0,"comment_status":"closed","ping_status":"open","template":"","meta":{"_acf_changed":false,"footnotes":""},"class_list":["post-2195","page","type-page","status-publish","hentry"],"acf":[],"_links":{"self":[{"href":"https:\/\/teatrodelsottosuolo.it\/es\/wp-json\/wp\/v2\/pages\/2195","targetHints":{"allow":["GET"]}}],"collection":[{"href":"https:\/\/teatrodelsottosuolo.it\/es\/wp-json\/wp\/v2\/pages"}],"about":[{"href":"https:\/\/teatrodelsottosuolo.it\/es\/wp-json\/wp\/v2\/types\/page"}],"author":[{"embeddable":true,"href":"https:\/\/teatrodelsottosuolo.it\/es\/wp-json\/wp\/v2\/users\/1"}],"replies":[{"embeddable":true,"href":"https:\/\/teatrodelsottosuolo.it\/es\/wp-json\/wp\/v2\/comments?post=2195"}],"version-history":[{"count":1,"href":"https:\/\/teatrodelsottosuolo.it\/es\/wp-json\/wp\/v2\/pages\/2195\/revisions"}],"predecessor-version":[{"id":2196,"href":"https:\/\/teatrodelsottosuolo.it\/es\/wp-json\/wp\/v2\/pages\/2195\/revisions\/2196"}],"wp:attachment":[{"href":"https:\/\/teatrodelsottosuolo.it\/es\/wp-json\/wp\/v2\/media?parent=2195"}],"curies":[{"name":"wp","href":"https:\/\/api.w.org\/{rel}","templated":true}]}}